{"id":1021,"date":"2024-08-22T14:39:02","date_gmt":"2024-08-22T12:39:02","guid":{"rendered":"https:\/\/staging.airpq.ch\/nutzungsbedingungen\/"},"modified":"2024-09-08T15:08:32","modified_gmt":"2024-09-08T13:08:32","slug":"nutzungsbedingungen","status":"publish","type":"page","link":"https:\/\/airpq.ch\/de\/nutzungsbedingungen\/","title":{"rendered":"Nutzungsbedingungen"},"content":{"rendered":"","protected":false},"excerpt":{"rendered":"","protected":false},"author":1,"featured_media":0,"parent":0,"menu_order":0,"comment_status":"closed","ping_status":"closed","template":"","meta":{"_acf_changed":false,"inline_featured_image":false,"slim_seo":{"title":"Nutzungsbedingungen - AirPQ","description":"Nutzungsbedingungen Die vorliegenden Bedingungen wurden aus der franz\u00f6sischen Version \u00fcbersetzt. Es ist zu beachten, dass nur die franz\u00f6sische Version als authe"},"footnotes":""},"class_list":["post-1021","page","type-page","status-publish","hentry"],"acf":[],"_links":{"self":[{"href":"https:\/\/airpq.ch\/de\/wp-json\/wp\/v2\/pages\/1021","targetHints":{"allow":["GET"]}}],"collection":[{"href":"https:\/\/airpq.ch\/de\/wp-json\/wp\/v2\/pages"}],"about":[{"href":"https:\/\/airpq.ch\/de\/wp-json\/wp\/v2\/types\/page"}],"author":[{"embeddable":true,"href":"https:\/\/airpq.ch\/de\/wp-json\/wp\/v2\/users\/1"}],"replies":[{"embeddable":true,"href":"https:\/\/airpq.ch\/de\/wp-json\/wp\/v2\/comments?post=1021"}],"version-history":[{"count":3,"href":"https:\/\/airpq.ch\/de\/wp-json\/wp\/v2\/pages\/1021\/revisions"}],"predecessor-version":[{"id":1032,"href":"https:\/\/airpq.ch\/de\/wp-json\/wp\/v2\/pages\/1021\/revisions\/1032"}],"wp:attachment":[{"href":"https:\/\/airpq.ch\/de\/wp-json\/wp\/v2\/media?parent=1021"}],"curies":[{"name":"wp","href":"https:\/\/api.w.org\/{rel}","templated":true}]}}