{"id":4143,"date":"2025-04-14T11:46:31","date_gmt":"2025-04-14T09:46:31","guid":{"rendered":"https:\/\/airpq.ch\/airpq-wip\/"},"modified":"2025-04-14T11:46:31","modified_gmt":"2025-04-14T09:46:31","slug":"airpq-wip","status":"publish","type":"page","link":"https:\/\/airpq.ch\/de\/","title":{"rendered":"AirPQ (wip)"},"content":{"rendered":"","protected":false},"excerpt":{"rendered":"","protected":false},"author":1,"featured_media":0,"parent":0,"menu_order":0,"comment_status":"closed","ping_status":"closed","template":"","meta":{"_acf_changed":false,"inline_featured_image":false,"slim_seo":{"title":"AirPQ - Das WC-Papier das B\u00e4ume pflanzt","description":"+ 20.000 Auftr\u00e4ge seit 2020 das WC-Papier das B\u00e4ume pflanzt ...statt sie zu fallen entdecken \u267b\ufe0f 3-lagiges Komfortpapier aus 100% Recyclingpapier \ud83d\udce6 Ohne Plastikv"},"footnotes":""},"class_list":["post-4143","page","type-page","status-publish","hentry"],"acf":[],"_links":{"self":[{"href":"https:\/\/airpq.ch\/de\/wp-json\/wp\/v2\/pages\/4143","targetHints":{"allow":["GET"]}}],"collection":[{"href":"https:\/\/airpq.ch\/de\/wp-json\/wp\/v2\/pages"}],"about":[{"href":"https:\/\/airpq.ch\/de\/wp-json\/wp\/v2\/types\/page"}],"author":[{"embeddable":true,"href":"https:\/\/airpq.ch\/de\/wp-json\/wp\/v2\/users\/1"}],"replies":[{"embeddable":true,"href":"https:\/\/airpq.ch\/de\/wp-json\/wp\/v2\/comments?post=4143"}],"version-history":[{"count":0,"href":"https:\/\/airpq.ch\/de\/wp-json\/wp\/v2\/pages\/4143\/revisions"}],"wp:attachment":[{"href":"https:\/\/airpq.ch\/de\/wp-json\/wp\/v2\/media?parent=4143"}],"curies":[{"name":"wp","href":"https:\/\/api.w.org\/{rel}","templated":true}]}}